{"id":10,"date":"2020-04-09T11:27:37","date_gmt":"2020-04-09T09:27:37","guid":{"rendered":"http:\/\/eleonore-sibourg.fr\/?page_id=10"},"modified":"2022-04-11T11:06:30","modified_gmt":"2022-04-11T09:06:30","slug":"lautrice","status":"publish","type":"page","link":"https:\/\/eleonore-sibourg.fr\/index.php\/lautrice\/","title":{"rendered":"L&rsquo;autrice"},"content":{"rendered":"\n<p class=\"has-text-align-center\">Quelques mots pour mieux me conna\u00eetre? J&rsquo;ai grandi dans la Dr\u00f4me, au pied des Trois Becs, au milieu des livres, des champs de vigne (pour qui conna\u00eet la Clairette de Die&#8230;) et des collines. <\/p>\n\n\n\n<p class=\"has-text-align-center\">Mes \u00e9tudes m&#8217;emm\u00e8nent de Grenoble \u00e0 Canterbury en passant par Paris. Je soutiens en 2015 ma th\u00e8se de doctorat en litt\u00e9rature moderne fran\u00e7aise, fruit d&rsquo;une cotutelle entre l&rsquo;Universit\u00e9 du Kent, en Angleterre, et la Sorbonne (c&rsquo;\u00e9tait avant le Brexit&#8230;).<\/p>\n\n\n\n<p class=\"has-text-align-center\">J&rsquo;ai depuis pos\u00e9 mes valises au pied du Vercors, \u00e0 Grenoble, o\u00f9 j&rsquo;enseigne le fran\u00e7ais dans le secondaire. Tout se joue dans la transmission. Et quand le temps me le permet, entre deux cours, j&rsquo;\u00e9cris.<\/p>\n\n\n\n<hr class=\"wp-block-separator\"\/>\n\n\n\n<hr class=\"wp-block-separator\"\/>\n\n\n\n<hr class=\"wp-block-separator\"\/>\n\n\n\n<hr class=\"wp-block-separator\"\/>\n\n\n\n<p><\/p>\n\n\n\n<p><\/p>\n","protected":false},"excerpt":{"rendered":"<p>Quelques mots pour mieux me conna\u00eetre? J&rsquo;ai grandi dans la Dr\u00f4me, au pied des Trois Becs, au milieu des livres, [&hellip;]<\/p>\n","protected":false},"author":1,"featured_media":601,"parent":0,"menu_order":0,"comment_status":"closed","ping_status":"closed","template":"","meta":{"footnotes":""},"class_list":["post-10","page","type-page","status-publish","has-post-thumbnail","hentry"],"_links":{"self":[{"href":"https:\/\/eleonore-sibourg.fr\/index.php\/wp-json\/wp\/v2\/pages\/10"}],"collection":[{"href":"https:\/\/eleonore-sibourg.fr\/index.php\/wp-json\/wp\/v2\/pages"}],"about":[{"href":"https:\/\/eleonore-sibourg.fr\/index.php\/wp-json\/wp\/v2\/types\/page"}],"author":[{"embeddable":true,"href":"https:\/\/eleonore-sibourg.fr\/index.php\/wp-json\/wp\/v2\/users\/1"}],"replies":[{"embeddable":true,"href":"https:\/\/eleonore-sibourg.fr\/index.php\/wp-json\/wp\/v2\/comments?post=10"}],"version-history":[{"count":25,"href":"https:\/\/eleonore-sibourg.fr\/index.php\/wp-json\/wp\/v2\/pages\/10\/revisions"}],"predecessor-version":[{"id":507,"href":"https:\/\/eleonore-sibourg.fr\/index.php\/wp-json\/wp\/v2\/pages\/10\/revisions\/507"}],"wp:featuredmedia":[{"embeddable":true,"href":"https:\/\/eleonore-sibourg.fr\/index.php\/wp-json\/wp\/v2\/media\/601"}],"wp:attachment":[{"href":"https:\/\/eleonore-sibourg.fr\/index.php\/wp-json\/wp\/v2\/media?parent=10"}],"curies":[{"name":"wp","href":"https:\/\/api.w.org\/{rel}","templated":true}]}}